{"id":701,"date":"2019-09-05T16:49:42","date_gmt":"2019-09-05T16:49:42","guid":{"rendered":"https:\/\/www.glittrigating.se\/index.php\/product\/orrefors-carat-ljusstake-2-pack-20\/"},"modified":"2025-12-05T14:06:47","modified_gmt":"2025-12-05T14:06:47","slug":"orrefors-carat-ljusstake-2-pack-20","status":"publish","type":"product","link":"https:\/\/www.glittrigating.se\/index.php\/product\/orrefors-carat-ljusstake-2-pack-20\/","title":{"rendered":"Orrefors More Spirits 4-pack 20cl"},"content":{"rendered":"","protected":false},"excerpt":{"rendered":"<div class=\"col-sm-12 col-md-8\">\n<div class=\"col-sm-12 col-md-8\">\n<div class=\"column\">\n<h4 class=\"product__title\">More Spirits 4-pack 20cl<\/h4>\n<p>Fatlagrad sprit av alla sorter, exempelvis rom, whisky, calvados eller cognac, njuts b\u00e4st ur ett aromglas. Glasets n\u00e4tta tulpanform lyfter fram alla dofter och smaker av b\u00e5de fruktighet och fatlagring och ger drycken en elegant karakt\u00e4r utan alltf\u00f6r stor spritighet. Glaset \u00e4r relativt litet f\u00f6r att fungera v\u00e4l vid en provning d\u00e5 serveringen \u00e4r ca 3 cl. F\u00f6r en njutningsupplevelse kan 5-6 cl vara att f\u00f6redra, det ryms likav\u00e4l.<\/p>\n<\/div>\n<div class=\"column\">\n<p>T\u00e5l maskindisk.<\/p>\n<\/div>\n<h4><\/h4>\n<h5 class=\"series__title\">More<\/h5>\n<p><span class=\"series__designer\">\u2013 En serie av Erika Lagerbielke<\/span><\/p>\n<div class=\"series__content\">\n<div class=\"collection-intro\">\n<div class=\"row\">\n<div class=\"span9\">\n<div class=\"page\" title=\"Page 53\">\n<div class=\"section\">\n<div class=\"layoutArea\">\n<div class=\"column\">\n<p>Att skapa den perfekta m\u00e5ltiden \u00e4r egentligen inte s\u00e5 sv\u00e5rt. Bra r\u00e5varor, lite k\u00e4rlek och goda v\u00e4nner runt ett vackert dukat bord. Det du dricker till ska serveras i vackra glas med balans och karakt\u00e4r. Erika Lagerbielkes tanke med More \u00e4r att lyfta fram dryckens b\u00e4sta egenskaper och fulla potential. Elegant design m\u00f6ter funktion. D\u00e5 \u00e4r det l\u00e4tt h\u00e4nt att man blir sittande l\u00e4nge och bara m\u00e5r bra.<\/p>\n<h5>Erika Lagerbielke<\/h5>\n<p class=\"ingress\">Erika Lagerbielke \u00e4r Orrefors servisglasdrottning. Ingen annan har formgivit s\u00e5 m\u00e5nga och framg\u00e5ngsrika glasserviser f\u00f6r Orrefors. Bland succ\u00e9erna finns Intermezzo, Merlot och Difference, som alla har f\u00e5tt fina utm\u00e4rkelser f\u00f6r sin formgivning.<\/p>\n<p>Nyckeln till framg\u00e5ng \u00e4r f\u00f6rmodligen Erikas stora k\u00e4rlek till hantverket och hennes kunskap om dryckers olika egenskaper. Vid framtagningen av nya serviser samarbetar Erika\u00a0med ledande vinexperter. Bland hennes senare alster finner vi servisglasserien More samt serien Beer. Hennes serie Divine \u00e4r en hyllning till det kungliga br\u00f6llopet 2010\u00a0dit\u00a0Erika formgav riksdagens och regeringens g\u00e5va till kronprinsessparet Victoria och Daniel.<\/p>\n<\/div>\n<div class=\"col-sm-12 col-md-6\">\n<p><b>H\u00f6jd: <\/b><br \/>\n195 mm<br \/>\n<b>L\u00e4ngd: <\/b><br \/>\n0 mm<br \/>\n<b>Bredd: <\/b><br \/>\n108 mm<br \/>\n<b>Vikt: <\/b><br \/>\n0.94 kg<\/p>\n<\/div>\n<\/div>\n<\/div>\n<\/div>\n<\/div>\n<\/div>\n<\/div>\n<\/div>\n<\/div>\n<\/div>\n","protected":false},"featured_media":5785,"template":"","meta":{"site-sidebar-layout":"default","site-content-layout":"default","ast-site-content-layout":"default","site-content-style":"default","site-sidebar-style":"default","ast-global-header-display":"","ast-banner-title-visibility":"","ast-main-header-display":"","ast-hfb-above-header-display":"","ast-hfb-below-header-display":"","ast-hfb-mobile-header-display":"","site-post-title":"","ast-breadcrumbs-content":"","ast-featured-img":"","footer-sml-layout":"","theme-transparent-header-meta":"default","adv-header-id-meta":"","stick-header-meta":"","header-above-stick-meta":"","header-main-stick-meta":"","header-below-stick-meta":"","astra-migrate-meta-layouts":"set","ast-page-background-enabled":"default","ast-page-background-meta":{"desktop":{"background-color":"var(--ast-global-color-4)","background-image":"","background-repeat":"repeat","background-position":"center center","background-size":"auto","background-attachment":"scroll","background-type":"","background-media":"","overlay-type":"","overlay-color":"","overlay-opacity":"","overlay-gradient":""},"tablet":{"background-color":"","background-image":"","background-repeat":"repeat","background-position":"center center","background-size":"auto","background-attachment":"scroll","background-type":"","background-media":"","overlay-type":"","overlay-color":"","overlay-opacity":"","overlay-gradient":""},"mobile":{"background-color":"","background-image":"","background-repeat":"repeat","background-position":"center center","background-size":"auto","background-attachment":"scroll","background-type":"","background-media":"","overlay-type":"","overlay-color":"","overlay-opacity":"","overlay-gradient":""}},"ast-content-background-meta":{"desktop":{"background-color":"var(--ast-global-color-5)","background-image":"","background-repeat":"repeat","background-position":"center center","background-size":"auto","background-attachment":"scroll","background-type":"","background-media":"","overlay-type":"","overlay-color":"","overlay-opacity":"","overlay-gradient":""},"tablet":{"background-color":"var(--ast-global-color-5)","background-image":"","background-repeat":"repeat","background-position":"center center","background-size":"auto","background-attachment":"scroll","background-type":"","background-media":"","overlay-type":"","overlay-color":"","overlay-opacity":"","overlay-gradient":""},"mobile":{"background-color":"var(--ast-global-color-5)","background-image":"","background-repeat":"repeat","background-position":"center center","background-size":"auto","background-attachment":"scroll","background-type":"","background-media":"","overlay-type":"","overlay-color":"","overlay-opacity":"","overlay-gradient":""}}},"product_brand":[],"product_cat":[99,1488,91],"product_tag":[169,419,146,148,147,144,425],"class_list":{"0":"post-701","1":"product","2":"type-product","3":"status-publish","4":"has-post-thumbnail","6":"product_cat-kristall","7":"product_cat-more","8":"product_cat-orrefors","9":"product_tag-4-pack","10":"product_tag-erika-lagerbielke","11":"product_tag-glas","12":"product_tag-klar","13":"product_tag-kristall","14":"product_tag-orrefors","15":"product_tag-starksprit","16":"desktop-align-left","17":"tablet-align-left","18":"mobile-align-left","20":"first","21":"instock","22":"taxable","23":"shipping-taxable","24":"purchasable","25":"product-type-simple"},"jetpack_sharing_enabled":true,"_links":{"self":[{"href":"https:\/\/www.glittrigating.se\/index.php\/wp-json\/wp\/v2\/product\/701","targetHints":{"allow":["GET"]}}],"collection":[{"href":"https:\/\/www.glittrigating.se\/index.php\/wp-json\/wp\/v2\/product"}],"about":[{"href":"https:\/\/www.glittrigating.se\/index.php\/wp-json\/wp\/v2\/types\/product"}],"wp:featuredmedia":[{"embeddable":true,"href":"https:\/\/www.glittrigating.se\/index.php\/wp-json\/wp\/v2\/media\/5785"}],"wp:attachment":[{"href":"https:\/\/www.glittrigating.se\/index.php\/wp-json\/wp\/v2\/media?parent=701"}],"wp:term":[{"taxonomy":"product_brand","embeddable":true,"href":"https:\/\/www.glittrigating.se\/index.php\/wp-json\/wp\/v2\/product_brand?post=701"},{"taxonomy":"product_cat","embeddable":true,"href":"https:\/\/www.glittrigating.se\/index.php\/wp-json\/wp\/v2\/product_cat?post=701"},{"taxonomy":"product_tag","embeddable":true,"href":"https:\/\/www.glittrigating.se\/index.php\/wp-json\/wp\/v2\/product_tag?post=701"}],"curies":[{"name":"wp","href":"https:\/\/api.w.org\/{rel}","templated":true}]}}