{"id":781,"date":"2022-01-01T12:38:17","date_gmt":"2022-01-01T12:38:17","guid":{"rendered":"https:\/\/www.glittrigating.se\/?post_type=product&#038;p=781"},"modified":"2022-04-12T17:12:33","modified_gmt":"2022-04-12T17:12:33","slug":"orrefors-carat-ljusstake-2-pack-238","status":"publish","type":"product","link":"https:\/\/www.glittrigating.se\/index.php\/product\/orrefors-carat-ljusstake-2-pack-238\/","title":{"rendered":"Korallrock"},"content":{"rendered":"<p>En mycket mjuk och len rock av microfleece fr\u00e5n Lord Nelson Victory som ger en perfekt mysk\u00e4nsla.<br \/>\nKommer i en stilig design men kontrastr\u00e4nder samt en brodyr p\u00e5 v\u00e4nster br\u00f6st.<br \/>\nFinns i storlek L\/XL.<br \/>\nNormal maskintv\u00e4tt vid 60 grader.<br \/>\nTorktumla p\u00e5 l\u00e5g temperatur.<br \/>\nVikt: 290g\/m\u00b2.<br \/>\n\u00d6ko-tex certifierad.<\/p>\n","protected":false},"excerpt":{"rendered":"<p>En mycket mjuk och len rock av microfleece fr\u00e5n Lord Nelson Victory som ger en perfekt mysk\u00e4nsla.<br \/>\nKommer i en stilig design men kontrastr\u00e4nder samt en brodyr p\u00e5 v\u00e4nster br\u00f6st.<br \/>\nFinns i storlek L\/XL.<br \/>\nNormal maskintv\u00e4tt vid 60 grader.<br \/>\nTorktumla p\u00e5 l\u00e5g temperatur.<br \/>\nVikt: 290g\/m\u00b2.<br \/>\n\u00d6ko-tex certifierad.<\/p>\n","protected":false},"featured_media":2685,"template":"","meta":{"site-sidebar-layout":"default","site-content-layout":"default","ast-site-content-layout":"default","site-content-style":"default","site-sidebar-style":"default","ast-global-header-display":"","ast-banner-title-visibility":"","ast-main-header-display":"","ast-hfb-above-header-display":"","ast-hfb-below-header-display":"","ast-hfb-mobile-header-display":"","site-post-title":"","ast-breadcrumbs-content":"","ast-featured-img":"","footer-sml-layout":"","theme-transparent-header-meta":"","adv-header-id-meta":"","stick-header-meta":"","header-above-stick-meta":"","header-main-stick-meta":"","header-below-stick-meta":"","astra-migrate-meta-layouts":"default","ast-page-background-enabled":"default","ast-page-background-meta":{"desktop":{"background-color":"var(--ast-global-color-4)","background-image":"","background-repeat":"repeat","background-position":"center center","background-size":"auto","background-attachment":"scroll","background-type":"","background-media":"","overlay-type":"","overlay-color":"","overlay-opacity":"","overlay-gradient":""},"tablet":{"background-color":"","background-image":"","background-repeat":"repeat","background-position":"center center","background-size":"auto","background-attachment":"scroll","background-type":"","background-media":"","overlay-type":"","overlay-color":"","overlay-opacity":"","overlay-gradient":""},"mobile":{"background-color":"","background-image":"","background-repeat":"repeat","background-position":"center center","background-size":"auto","background-attachment":"scroll","background-type":"","background-media":"","overlay-type":"","overlay-color":"","overlay-opacity":"","overlay-gradient":""}},"ast-content-background-meta":{"desktop":{"background-color":"var(--ast-global-color-5)","background-image":"","background-repeat":"repeat","background-position":"center center","background-size":"auto","background-attachment":"scroll","background-type":"","background-media":"","overlay-type":"","overlay-color":"","overlay-opacity":"","overlay-gradient":""},"tablet":{"background-color":"var(--ast-global-color-5)","background-image":"","background-repeat":"repeat","background-position":"center center","background-size":"auto","background-attachment":"scroll","background-type":"","background-media":"","overlay-type":"","overlay-color":"","overlay-opacity":"","overlay-gradient":""},"mobile":{"background-color":"var(--ast-global-color-5)","background-image":"","background-repeat":"repeat","background-position":"center center","background-size":"auto","background-attachment":"scroll","background-type":"","background-media":"","overlay-type":"","overlay-color":"","overlay-opacity":"","overlay-gradient":""}}},"product_brand":[],"product_cat":[68,111],"product_tag":[242,476,475,477,237],"class_list":{"0":"post-781","1":"product","2":"type-product","3":"status-publish","4":"has-post-thumbnail","6":"product_cat-badrockar","7":"product_cat-lord-nelson","8":"product_tag-cerise","9":"product_tag-korallrock","10":"product_tag-microfleece","11":"product_tag-morgonrock","12":"product_tag-svart","13":"desktop-align-left","14":"tablet-align-left","15":"mobile-align-left","17":"first","18":"outofstock","19":"taxable","20":"shipping-taxable","21":"purchasable","22":"product-type-variable"},"jetpack_sharing_enabled":true,"_links":{"self":[{"href":"https:\/\/www.glittrigating.se\/index.php\/wp-json\/wp\/v2\/product\/781","targetHints":{"allow":["GET"]}}],"collection":[{"href":"https:\/\/www.glittrigating.se\/index.php\/wp-json\/wp\/v2\/product"}],"about":[{"href":"https:\/\/www.glittrigating.se\/index.php\/wp-json\/wp\/v2\/types\/product"}],"wp:featuredmedia":[{"embeddable":true,"href":"https:\/\/www.glittrigating.se\/index.php\/wp-json\/wp\/v2\/media\/2685"}],"wp:attachment":[{"href":"https:\/\/www.glittrigating.se\/index.php\/wp-json\/wp\/v2\/media?parent=781"}],"wp:term":[{"taxonomy":"product_brand","embeddable":true,"href":"https:\/\/www.glittrigating.se\/index.php\/wp-json\/wp\/v2\/product_brand?post=781"},{"taxonomy":"product_cat","embeddable":true,"href":"https:\/\/www.glittrigating.se\/index.php\/wp-json\/wp\/v2\/product_cat?post=781"},{"taxonomy":"product_tag","embeddable":true,"href":"https:\/\/www.glittrigating.se\/index.php\/wp-json\/wp\/v2\/product_tag?post=781"}],"curies":[{"name":"wp","href":"https:\/\/api.w.org\/{rel}","templated":true}]}}