{"id":793,"date":"2024-12-02T16:01:41","date_gmt":"2024-12-02T16:01:41","guid":{"rendered":"https:\/\/www.glittrigating.se\/?post_type=product&#038;p=793"},"modified":"2025-11-20T14:41:05","modified_gmt":"2025-11-20T14:41:05","slug":"orrefors-carat-ljusstake-2-pack-49","status":"publish","type":"product","link":"https:\/\/www.glittrigating.se\/index.php\/product\/orrefors-carat-ljusstake-2-pack-49\/","title":{"rendered":"Kosta Linnew\u00e4fveri B\u00e4ddset Bandene brun"},"content":{"rendered":"<h3><strong>Kosta Linnew\u00e4fveri B\u00e4ddset Bandene<\/strong><\/h3>\n<p>Ett supertrendigt b\u00e4ddset, tillverkat i finaste bomull.<br \/>\nF\u00e4rg: brun med detaljer i h\u00f6stf\u00e4rger<br \/>\nInneh\u00e5ller ett \u00f6rngott och ett p\u00e5slakan.<br \/>\nStorlek: \u00f6rngott 50 x 60 cm<br \/>\np\u00e5slakan 150 x 210 cm<br \/>\n100% Bomull<br \/>\nNormal maskintv\u00e4tt vid 60 grader.<br \/>\nTorktumla p\u00e5 normal temperatur.<\/p>\n","protected":false},"excerpt":{"rendered":"<h3><strong>Kosta Linnew\u00e4fveri B\u00e4ddset\u00a0<\/strong><\/h3>\n<p>Ett supertrendigt b\u00e4ddset, tillverkat i finaste bomull.<br \/>\nInneh\u00e5ller ett \u00f6rngott och ett p\u00e5slakan.<br \/>\nStorlek: \u00f6rngott 50 x 60 cm<br \/>\np\u00e5slakan 150 x 210 cm<br \/>\n100% Bomull<br \/>\nNormal maskintv\u00e4tt vid 60 grader.<br \/>\nTorktumla p\u00e5 normal temperatur.<\/p>\n","protected":false},"featured_media":5203,"template":"","meta":{"site-sidebar-layout":"default","site-content-layout":"default","ast-site-content-layout":"default","site-content-style":"default","site-sidebar-style":"default","ast-global-header-display":"","ast-banner-title-visibility":"","ast-main-header-display":"","ast-hfb-above-header-display":"","ast-hfb-below-header-display":"","ast-hfb-mobile-header-display":"","site-post-title":"","ast-breadcrumbs-content":"","ast-featured-img":"","footer-sml-layout":"","theme-transparent-header-meta":"default","adv-header-id-meta":"","stick-header-meta":"","header-above-stick-meta":"","header-main-stick-meta":"","header-below-stick-meta":"","astra-migrate-meta-layouts":"set","ast-page-background-enabled":"default","ast-page-background-meta":{"desktop":{"background-color":"var(--ast-global-color-4)","background-image":"","background-repeat":"repeat","background-position":"center center","background-size":"auto","background-attachment":"scroll","background-type":"","background-media":"","overlay-type":"","overlay-color":"","overlay-opacity":"","overlay-gradient":""},"tablet":{"background-color":"","background-image":"","background-repeat":"repeat","background-position":"center center","background-size":"auto","background-attachment":"scroll","background-type":"","background-media":"","overlay-type":"","overlay-color":"","overlay-opacity":"","overlay-gradient":""},"mobile":{"background-color":"","background-image":"","background-repeat":"repeat","background-position":"center center","background-size":"auto","background-attachment":"scroll","background-type":"","background-media":"","overlay-type":"","overlay-color":"","overlay-opacity":"","overlay-gradient":""}},"ast-content-background-meta":{"desktop":{"background-color":"var(--ast-global-color-5)","background-image":"","background-repeat":"repeat","background-position":"center center","background-size":"auto","background-attachment":"scroll","background-type":"","background-media":"","overlay-type":"","overlay-color":"","overlay-opacity":"","overlay-gradient":""},"tablet":{"background-color":"var(--ast-global-color-5)","background-image":"","background-repeat":"repeat","background-position":"center center","background-size":"auto","background-attachment":"scroll","background-type":"","background-media":"","overlay-type":"","overlay-color":"","overlay-opacity":"","overlay-gradient":""},"mobile":{"background-color":"var(--ast-global-color-5)","background-image":"","background-repeat":"repeat","background-position":"center center","background-size":"auto","background-attachment":"scroll","background-type":"","background-media":"","overlay-type":"","overlay-color":"","overlay-opacity":"","overlay-gradient":""}}},"product_brand":[],"product_cat":[70,113],"product_tag":[399,486,487,488,489,485],"class_list":{"0":"post-793","1":"product","2":"type-product","3":"status-publish","4":"has-post-thumbnail","6":"product_cat-baeddset","7":"product_cat-kosta-linnewaefveri","8":"product_tag-1-pack","9":"product_tag-bomull","10":"product_tag-kosta-linnewafveri","11":"product_tag-orngott","12":"product_tag-paslakan","13":"product_tag-satin","14":"desktop-align-left","15":"tablet-align-left","16":"mobile-align-left","18":"first","19":"instock","20":"taxable","21":"shipping-taxable","22":"purchasable","23":"product-type-simple"},"jetpack_sharing_enabled":true,"_links":{"self":[{"href":"https:\/\/www.glittrigating.se\/index.php\/wp-json\/wp\/v2\/product\/793","targetHints":{"allow":["GET"]}}],"collection":[{"href":"https:\/\/www.glittrigating.se\/index.php\/wp-json\/wp\/v2\/product"}],"about":[{"href":"https:\/\/www.glittrigating.se\/index.php\/wp-json\/wp\/v2\/types\/product"}],"wp:featuredmedia":[{"embeddable":true,"href":"https:\/\/www.glittrigating.se\/index.php\/wp-json\/wp\/v2\/media\/5203"}],"wp:attachment":[{"href":"https:\/\/www.glittrigating.se\/index.php\/wp-json\/wp\/v2\/media?parent=793"}],"wp:term":[{"taxonomy":"product_brand","embeddable":true,"href":"https:\/\/www.glittrigating.se\/index.php\/wp-json\/wp\/v2\/product_brand?post=793"},{"taxonomy":"product_cat","embeddable":true,"href":"https:\/\/www.glittrigating.se\/index.php\/wp-json\/wp\/v2\/product_cat?post=793"},{"taxonomy":"product_tag","embeddable":true,"href":"https:\/\/www.glittrigating.se\/index.php\/wp-json\/wp\/v2\/product_tag?post=793"}],"curies":[{"name":"wp","href":"https:\/\/api.w.org\/{rel}","templated":true}]}}