{"id":809,"date":"2019-09-19T15:43:35","date_gmt":"2019-09-19T15:43:35","guid":{"rendered":"https:\/\/www.glittrigating.se\/index.php\/product\/orrefors-carat-ljusstake-2-pack-48\/"},"modified":"2025-12-05T13:30:36","modified_gmt":"2025-12-05T13:30:36","slug":"orrefors-carat-ljusstake-2-pack-48","status":"publish","type":"product","link":"https:\/\/www.glittrigating.se\/index.php\/product\/orrefors-carat-ljusstake-2-pack-48\/","title":{"rendered":"Lord Nelson B\u00e4ddset Marinliv"},"content":{"rendered":"","protected":false},"excerpt":{"rendered":"<h4><strong>Lord Nelson B\u00e4ddset Marinliv<br \/>\n<\/strong><\/h4>\n<p>Ett roligt och lekfullt b\u00e4ddset om det maritima livet. Passar perfekt i b\u00e5ten, husvagnen eller sommarstugan. B\u00e4ddsetet \u00e4r gjort i microfiber och det g\u00f6r att det v\u00e4ger lite och torkar l\u00e4tt.<\/p>\n<p>Inneh\u00e5ller ett \u00f6rngott och ett p\u00e5slakan.<br \/>\nM\u00e5tt: \u00f6rngott 50 x 60 cm<br \/>\np\u00e5slakan 150 x 210 cm<br \/>\nMaterial: 100% Polyester<br \/>\nNormal maskintv\u00e4tt vid 40 grader.<br \/>\nDropptorkning.<\/p>\n","protected":false},"featured_media":5763,"template":"","meta":{"site-sidebar-layout":"default","site-content-layout":"default","ast-site-content-layout":"default","site-content-style":"default","site-sidebar-style":"default","ast-global-header-display":"","ast-banner-title-visibility":"","ast-main-header-display":"","ast-hfb-above-header-display":"","ast-hfb-below-header-display":"","ast-hfb-mobile-header-display":"","site-post-title":"","ast-breadcrumbs-content":"","ast-featured-img":"","footer-sml-layout":"","theme-transparent-header-meta":"default","adv-header-id-meta":"","stick-header-meta":"","header-above-stick-meta":"","header-main-stick-meta":"","header-below-stick-meta":"","astra-migrate-meta-layouts":"set","ast-page-background-enabled":"default","ast-page-background-meta":{"desktop":{"background-color":"var(--ast-global-color-4)","background-image":"","background-repeat":"repeat","background-position":"center center","background-size":"auto","background-attachment":"scroll","background-type":"","background-media":"","overlay-type":"","overlay-color":"","overlay-opacity":"","overlay-gradient":""},"tablet":{"background-color":"","background-image":"","background-repeat":"repeat","background-position":"center center","background-size":"auto","background-attachment":"scroll","background-type":"","background-media":"","overlay-type":"","overlay-color":"","overlay-opacity":"","overlay-gradient":""},"mobile":{"background-color":"","background-image":"","background-repeat":"repeat","background-position":"center center","background-size":"auto","background-attachment":"scroll","background-type":"","background-media":"","overlay-type":"","overlay-color":"","overlay-opacity":"","overlay-gradient":""}},"ast-content-background-meta":{"desktop":{"background-color":"var(--ast-global-color-5)","background-image":"","background-repeat":"repeat","background-position":"center center","background-size":"auto","background-attachment":"scroll","background-type":"","background-media":"","overlay-type":"","overlay-color":"","overlay-opacity":"","overlay-gradient":""},"tablet":{"background-color":"var(--ast-global-color-5)","background-image":"","background-repeat":"repeat","background-position":"center center","background-size":"auto","background-attachment":"scroll","background-type":"","background-media":"","overlay-type":"","overlay-color":"","overlay-opacity":"","overlay-gradient":""},"mobile":{"background-color":"var(--ast-global-color-5)","background-image":"","background-repeat":"repeat","background-position":"center center","background-size":"auto","background-attachment":"scroll","background-type":"","background-media":"","overlay-type":"","overlay-color":"","overlay-opacity":"","overlay-gradient":""}}},"product_brand":[],"product_cat":[70,111],"product_tag":[399,160,496,516,513,497,511,500,501,498,514,515,499,488,489,510,512,210,495],"class_list":{"0":"post-809","1":"product","2":"type-product","3":"status-publish","4":"has-post-thumbnail","6":"product_cat-baeddset","7":"product_cat-lord-nelson","8":"product_tag-1-pack","9":"product_tag-bla","10":"product_tag-blatt","11":"product_tag-faglar","12":"product_tag-fisk","13":"product_tag-fyrar","14":"product_tag-kikare","15":"product_tag-kust","16":"product_tag-livboj","17":"product_tag-lord-nelson","18":"product_tag-maritimt","19":"product_tag-maritimt-liv","20":"product_tag-microfiber","21":"product_tag-orngott","22":"product_tag-paslakan","23":"product_tag-ratt","24":"product_tag-snackskal","25":"product_tag-vit","26":"product_tag-vitt","27":"desktop-align-left","28":"tablet-align-left","29":"mobile-align-left","31":"first","32":"outofstock","33":"taxable","34":"shipping-taxable","35":"purchasable","36":"product-type-simple"},"jetpack_sharing_enabled":true,"_links":{"self":[{"href":"https:\/\/www.glittrigating.se\/index.php\/wp-json\/wp\/v2\/product\/809","targetHints":{"allow":["GET"]}}],"collection":[{"href":"https:\/\/www.glittrigating.se\/index.php\/wp-json\/wp\/v2\/product"}],"about":[{"href":"https:\/\/www.glittrigating.se\/index.php\/wp-json\/wp\/v2\/types\/product"}],"wp:featuredmedia":[{"embeddable":true,"href":"https:\/\/www.glittrigating.se\/index.php\/wp-json\/wp\/v2\/media\/5763"}],"wp:attachment":[{"href":"https:\/\/www.glittrigating.se\/index.php\/wp-json\/wp\/v2\/media?parent=809"}],"wp:term":[{"taxonomy":"product_brand","embeddable":true,"href":"https:\/\/www.glittrigating.se\/index.php\/wp-json\/wp\/v2\/product_brand?post=809"},{"taxonomy":"product_cat","embeddable":true,"href":"https:\/\/www.glittrigating.se\/index.php\/wp-json\/wp\/v2\/product_cat?post=809"},{"taxonomy":"product_tag","embeddable":true,"href":"https:\/\/www.glittrigating.se\/index.php\/wp-json\/wp\/v2\/product_tag?post=809"}],"curies":[{"name":"wp","href":"https:\/\/api.w.org\/{rel}","templated":true}]}}