{"id":967,"date":"2019-09-28T10:44:04","date_gmt":"2019-09-28T10:44:04","guid":{"rendered":"https:\/\/www.glittrigating.se\/index.php\/product\/kosta-boda-pluto-vas-limitid-edition-500-5\/"},"modified":"2025-12-04T14:08:29","modified_gmt":"2025-12-04T14:08:29","slug":"kosta-boda-pluto-vas-limitid-edition-500-5","status":"publish","type":"product","link":"https:\/\/www.glittrigating.se\/index.php\/product\/kosta-boda-pluto-vas-limitid-edition-500-5\/","title":{"rendered":"Kosta Boda All About You &#8211; Want You Tumbler 2-pack"},"content":{"rendered":"","protected":false},"excerpt":{"rendered":"<h4>Kosta Boda All About You &#8211; Want You Tumbler 2-pack<\/h4>\n<h5><\/h5>\n<p>&nbsp;<\/p>\n<h5>All about you<\/h5>\n<p><em>\u201dTill den h\u00e4r kollektionen ville jag g\u00f6ra tre tjejer som speglar bitar av min personlighet, men jag har \u00e4ven h\u00e4mtat inspiration fr\u00e5n modev\u00e4rlden. Jag vet inte om du n\u00e5gonsin har varit med om att personen du \u00e4lskar \u00e5ker iv\u00e4g? Min man reser en hel del och designerna p\u00e5 dessa glas f\u00f6ddes utifr\u00e5n k\u00e4nslan jag har n\u00e4r han \u00e4r borta. N\u00e4r personen man \u00e4lskar \u00e4r p\u00e5 andra sidan jorden och det k\u00e4nns som om man ska g\u00e5 s\u00f6nder av saknad och dagarna bara g\u00e5r l\u00e5ngsammare och l\u00e5ngsammare. Men s\u00e5 ses man igen och ingen k\u00e4nsla i v\u00e4rlden \u00e4r b\u00e4ttre.\u201d<\/em><br \/>\n\u2013 Sara Woodrow, konstn\u00e4rinna<\/p>\n<p>Levereras i 2-pack<\/p>\n<p><strong>Volym:<\/strong><br \/>\n57 cl<br \/>\n<b>H\u00f6jd: <\/b><br \/>\n123 mm<\/p>\n<div class=\"col-sm-12 col-md-6\">\n<p><b>L\u00e4ngd: <\/b><br \/>\n0 mm<br \/>\n<strong>B<\/strong><b>redd: <\/b><br \/>\n90 mm<br \/>\n<b>Vikt: <\/b><br \/>\n0.36 kg<\/p>\n<\/div>\n<p>&nbsp;<\/p>\n","protected":false},"featured_media":5714,"template":"","meta":{"site-sidebar-layout":"default","site-content-layout":"default","ast-site-content-layout":"default","site-content-style":"default","site-sidebar-style":"default","ast-global-header-display":"","ast-banner-title-visibility":"","ast-main-header-display":"","ast-hfb-above-header-display":"","ast-hfb-below-header-display":"","ast-hfb-mobile-header-display":"","site-post-title":"","ast-breadcrumbs-content":"","ast-featured-img":"","footer-sml-layout":"","theme-transparent-header-meta":"default","adv-header-id-meta":"","stick-header-meta":"","header-above-stick-meta":"","header-main-stick-meta":"","header-below-stick-meta":"","astra-migrate-meta-layouts":"set","ast-page-background-enabled":"default","ast-page-background-meta":{"desktop":{"background-color":"var(--ast-global-color-4)","background-image":"","background-repeat":"repeat","background-position":"center center","background-size":"auto","background-attachment":"scroll","background-type":"","background-media":"","overlay-type":"","overlay-color":"","overlay-opacity":"","overlay-gradient":""},"tablet":{"background-color":"","background-image":"","background-repeat":"repeat","background-position":"center center","background-size":"auto","background-attachment":"scroll","background-type":"","background-media":"","overlay-type":"","overlay-color":"","overlay-opacity":"","overlay-gradient":""},"mobile":{"background-color":"","background-image":"","background-repeat":"repeat","background-position":"center center","background-size":"auto","background-attachment":"scroll","background-type":"","background-media":"","overlay-type":"","overlay-color":"","overlay-opacity":"","overlay-gradient":""}},"ast-content-background-meta":{"desktop":{"background-color":"var(--ast-global-color-5)","background-image":"","background-repeat":"repeat","background-position":"center center","background-size":"auto","background-attachment":"scroll","background-type":"","background-media":"","overlay-type":"","overlay-color":"","overlay-opacity":"","overlay-gradient":""},"tablet":{"background-color":"var(--ast-global-color-5)","background-image":"","background-repeat":"repeat","background-position":"center center","background-size":"auto","background-attachment":"scroll","background-type":"","background-media":"","overlay-type":"","overlay-color":"","overlay-opacity":"","overlay-gradient":""},"mobile":{"background-color":"var(--ast-global-color-5)","background-image":"","background-repeat":"repeat","background-position":"center center","background-size":"auto","background-attachment":"scroll","background-type":"","background-media":"","overlay-type":"","overlay-color":"","overlay-opacity":"","overlay-gradient":""}}},"product_brand":[],"product_cat":[139,101,66],"product_tag":[150,593,182,159,594,427,598],"class_list":{"0":"post-967","1":"product","2":"type-product","3":"status-publish","4":"has-post-thumbnail","6":"product_cat-all-about-you","7":"product_cat-designglas","8":"product_cat-kosta-boda","9":"product_tag-2-pack","10":"product_tag-57-cl","11":"product_tag-kosta","12":"product_tag-kosta-boda","13":"product_tag-sara-woodrow","14":"product_tag-tumbler","15":"product_tag-want-you","16":"desktop-align-left","17":"tablet-align-left","18":"mobile-align-left","20":"first","21":"instock","22":"taxable","23":"shipping-taxable","24":"purchasable","25":"product-type-simple"},"jetpack_sharing_enabled":true,"_links":{"self":[{"href":"https:\/\/www.glittrigating.se\/index.php\/wp-json\/wp\/v2\/product\/967","targetHints":{"allow":["GET"]}}],"collection":[{"href":"https:\/\/www.glittrigating.se\/index.php\/wp-json\/wp\/v2\/product"}],"about":[{"href":"https:\/\/www.glittrigating.se\/index.php\/wp-json\/wp\/v2\/types\/product"}],"wp:featuredmedia":[{"embeddable":true,"href":"https:\/\/www.glittrigating.se\/index.php\/wp-json\/wp\/v2\/media\/5714"}],"wp:attachment":[{"href":"https:\/\/www.glittrigating.se\/index.php\/wp-json\/wp\/v2\/media?parent=967"}],"wp:term":[{"taxonomy":"product_brand","embeddable":true,"href":"https:\/\/www.glittrigating.se\/index.php\/wp-json\/wp\/v2\/product_brand?post=967"},{"taxonomy":"product_cat","embeddable":true,"href":"https:\/\/www.glittrigating.se\/index.php\/wp-json\/wp\/v2\/product_cat?post=967"},{"taxonomy":"product_tag","embeddable":true,"href":"https:\/\/www.glittrigating.se\/index.php\/wp-json\/wp\/v2\/product_tag?post=967"}],"curies":[{"name":"wp","href":"https:\/\/api.w.org\/{rel}","templated":true}]}}